{"id":392,"date":"2016-04-18T17:55:40","date_gmt":"2016-04-18T14:55:40","guid":{"rendered":"http:\/\/opetus.aikuiskoulutus.fi\/datanomi15\/heimonen\/?page_id=2"},"modified":"2025-12-15T13:39:58","modified_gmt":"2025-12-15T11:39:58","slug":"etusivu","status":"publish","type":"page","link":"https:\/\/sfcmussalo.fi\/","title":{"rendered":"Etusivu"},"content":{"rendered":"<p>[et_pb_section fb_built=&#8221;1&#8243; fullwidth=&#8221;on&#8221; _builder_version=&#8221;4.21.0&#8243; _module_preset=&#8221;default&#8221; global_colors_info=&#8221;{}&#8221;][et_pb_fullwidth_header title=&#8221;Tervetuloa Camping Mussaloon!&#8221; text_orientation=&#8221;center&#8221; button_one_text=&#8221;360-tour&#8221; button_one_url=&#8221;https:\/\/sfcmussalo.fi\/360-tour\/&#8221; _builder_version=&#8221;4.21.0&#8243; _module_preset=&#8221;default&#8221; title_text_align=&#8221;center&#8221; title_text_color=&#8221;#FFFFFF&#8221; title_font_size=&#8221;40px&#8221; background_image=&#8221;https:\/\/sfcmussalo.fi\/wp-content\/uploads\/2023\/08\/DJI_0032.jpg&#8221; custom_button_one=&#8221;on&#8221; button_one_text_color=&#8221;#FFFFFF&#8221; button_one_bg_color=&#8221;rgba(43,43,43,0.61)&#8221; custom_padding=&#8221;15%||15%||false|false&#8221; title_font_size_tablet=&#8221;25px&#8221; title_font_size_phone=&#8221;25px&#8221; title_font_size_last_edited=&#8221;on|desktop&#8221; title_text_shadow_style=&#8221;preset1&#8243; text_shadow_style=&#8221;preset1&#8243; global_colors_info=&#8221;{}&#8221; button_one_text__hover_enabled=&#8221;off|desktop&#8221;][\/et_pb_fullwidth_header][\/et_pb_section][et_pb_section fb_built=&#8221;1&#8243; fullwidth=&#8221;on&#8221; _builder_version=&#8221;4.21.0&#8243; _module_preset=&#8221;default&#8221; global_colors_info=&#8221;{}&#8221;][\/et_pb_section][et_pb_section fb_built=&#8221;1&#8243; _builder_version=&#8221;4.16&#8243; global_colors_info=&#8221;{}&#8221;][et_pb_row _builder_version=&#8221;4.21.0&#8243; _module_preset=&#8221;default&#8221; global_colors_info=&#8221;{}&#8221;][et_pb_column type=&#8221;4_4&#8243; _builder_version=&#8221;4.21.0&#8243; _module_preset=&#8221;default&#8221; global_colors_info=&#8221;{}&#8221;][et_pb_image src=&#8221;https:\/\/sfcmussalo.fi\/wp-content\/uploads\/2025\/12\/Nayttokuva-2025-12-15-kello-13.35.21.png&#8221; title_text=&#8221;Na\u0308ytto\u0308kuva 2025-12-15 kello 13.35.21&#8243; align=&#8221;center&#8221; _builder_version=&#8221;4.21.0&#8243; _module_preset=&#8221;default&#8221; width=&#8221;60%&#8221; global_colors_info=&#8221;{}&#8221;][\/et_pb_image][\/et_pb_column][\/et_pb_row][et_pb_row _builder_version=&#8221;4.21.0&#8243; background_size=&#8221;initial&#8221; background_position=&#8221;top_left&#8221; background_repeat=&#8221;repeat&#8221; width=&#8221;90%&#8221; max_width=&#8221;2560px&#8221; global_colors_info=&#8221;{}&#8221;][et_pb_column type=&#8221;4_4&#8243; _builder_version=&#8221;4.16&#8243; custom_padding=&#8221;|||&#8221; global_colors_info=&#8221;{}&#8221; custom_padding__hover=&#8221;|||&#8221;][et_pb_text _builder_version=&#8221;4.21.0&#8243; background_size=&#8221;initial&#8221; background_position=&#8221;top_left&#8221; background_repeat=&#8221;repeat&#8221; global_colors_info=&#8221;{}&#8221;]<\/p>\n<h1>TERVETULOA CAMPING MUSSALOON!<\/h1>\n<h3><\/h3>\n<p><span style=\"font-size: large;\"><\/span><\/p>\n<p><span style=\"font-size: large;\">Camping Mussalo sijaitsee <a href=\"http:\/\/www.taivassalo.fi\" target=\"_blank\" rel=\"noopener noreferrer\">Taivassalon kunnassa<\/a> merellisess\u00e4 ymp\u00e4rist\u00f6ss\u00e4. Alue k\u00e4sitt\u00e4\u00e4 vaihtelevaa maastoa; nurmikkoa, puustoa ja kallioista merenrantaa yht. 2,8 ha. Camping Mussalo on auki p\u00e4ivitt\u00e4in ja toimii yleisen\u00e4 camping-alueena 1.6. \u2013 31.8. v\u00e4lisen\u00e4 aikana, jolloin alueella on joka p\u00e4iv\u00e4 is\u00e4nt\u00e4p\u00e4ivystys. Alue toimii muina aikoina SFC-sopimusalueena ja on avoinna (is\u00e4nt\u00e4p\u00e4ivystys) viikonloppuisin p\u00e4\u00e4si\u00e4isest\u00e4 toukokuun loppuun sek\u00e4 syyskuun alusta lokakuun loppuun. Saunat, saunoja on kaksi uimarannan yhteydess\u00e4 ja ne l\u00e4mpi\u00e4v\u00e4t joka p\u00e4iv\u00e4 1.6.-31.8. sek\u00e4 uutena telttasauna. Lis\u00e4ksi saunat l\u00e4mpi\u00e4v\u00e4t huhti-toukokuussa ja syys-lokakuussa viikonloppuisin. Saunan k\u00e4ytt\u00f6 yleisell\u00e4 saunavuorolla sis\u00e4ltyy vuorokausimaksuun.<\/span><\/p>\n<p><span style=\"font-size: large;\">Kes\u00e4kauden aikana j\u00e4rjest\u00e4mme alueella erilaisia tapahtumia.\u00a0 <strong><\/strong><a href=\"https:\/\/sfcmussalo.fi\/tapahtumat\/\">T<strong>utustu tapahtumiin<\/strong><\/a><\/span><\/p>\n<p><span style=\"font-size: large;\">K\u00e4vij\u00e4t\u00a0koostuvat p\u00e4\u00e4s\u00e4\u00e4nt\u00f6isesti kotimaisista matkailuajoneuvoilla vapaa-aikaansa\u00a0viett\u00e4vist\u00e4 matkailijoista, mutta\u00a0my\u00f6s ulkomaalaisia vieraita k\u00e4y erityisesti elokuussa.<\/span><\/p>\n<p><span style=\"font-size: large;\">Suuren suosion saavuttanut <a href=\"https:\/\/www.rengastie.fi\/\" target=\"_blank\" rel=\"noopener noreferrer\">Saariston rengastie<\/a>\u00a0tuo\u00a0oman k\u00e4vij\u00e4ryhm\u00e4ns\u00e4. L\u00e4hinn\u00e4 polkupy\u00f6r\u00e4ilij\u00f6iden ja telttailijoiden m\u00e4\u00e4r\u00e4t monipuolistuvat vuosittain ja my\u00f6s kanoottisafarit ovat ottaneet Camping Mussalon y\u00f6pymis- ja huoltokohteekseen.<\/span><\/p>\n<p><a href=\"https:\/\/sfcmussalo.fi\/wp-content\/uploads\/2022\/05\/Na\u0308ytto\u0308kuva-2022-5-28-kello-9.14.05-1.png\"><strong>Alueen tarkemman kartan l\u00f6yd\u00e4t t\u00e4st\u00e4<\/strong><\/a><\/p>\n<p>\u00a0Halutessasi voit varata caravan-paikan <strong><a href=\"https:\/\/wbe-sfcmussalo.hotellinx.com\/\">t\u00e4m\u00e4n linkin<\/a><\/strong> kautta.<\/p>\n<p>[\/et_pb_text][\/et_pb_column][\/et_pb_row][\/et_pb_section][et_pb_section fb_built=&#8221;1&#8243; fullwidth=&#8221;on&#8221; _builder_version=&#8221;4.21.0&#8243; _module_preset=&#8221;default&#8221; global_colors_info=&#8221;{}&#8221;][et_pb_fullwidth_image src=&#8221;https:\/\/sfcmussalo.fi\/wp-content\/uploads\/2016\/05\/WP_20160527_22_16_35_Pro-1-e1687263369894.jpg&#8221; title_text=&#8221;WP_20160527_22_16_35_Pro&#8221; _builder_version=&#8221;4.21.0&#8243; _module_preset=&#8221;default&#8221; global_colors_info=&#8221;{}&#8221;][\/et_pb_fullwidth_image][\/et_pb_section][et_pb_section fb_built=&#8221;1&#8243; _builder_version=&#8221;4.21.0&#8243; _module_preset=&#8221;default&#8221; global_colors_info=&#8221;{}&#8221;][\/et_pb_section][et_pb_section fb_built=&#8221;1&#8243; _builder_version=&#8221;4.16&#8243; global_colors_info=&#8221;{}&#8221;][et_pb_row _builder_version=&#8221;4.21.0&#8243; background_size=&#8221;initial&#8221; background_position=&#8221;top_left&#8221; background_repeat=&#8221;repeat&#8221; width=&#8221;90%&#8221; max_width=&#8221;2560px&#8221; global_colors_info=&#8221;{}&#8221;][et_pb_column type=&#8221;4_4&#8243; _builder_version=&#8221;4.16&#8243; custom_padding=&#8221;|||&#8221; global_colors_info=&#8221;{}&#8221; custom_padding__hover=&#8221;|||&#8221;][et_pb_text _builder_version=&#8221;4.21.0&#8243; background_size=&#8221;initial&#8221; background_position=&#8221;top_left&#8221; background_repeat=&#8221;repeat&#8221; custom_padding=&#8221;||0px|||&#8221; global_colors_info=&#8221;{}&#8221;]<\/p>\n<p><span style=\"font-size: large;\">Camping Mussalo kuuluu\u00a0<a href=\"http:\/\/caravanhuiput.fi\" target=\"_blank\" rel=\"noopener noreferrer\">Caravan Huiput<\/a> ketjuun, joka takaa sinulle tasokkaan palvelun. Caravan Huiput alueita on Suomessa 19. Y\u00f6pym\u00e4ll\u00e4 Caravan Huiput alueilla saat etupassiin leiman. Ker\u00e4tty\u00e4si etupassiin milt\u00e4 tahansa Caravan Huiput alueelta yhteens\u00e4 viisi leimaa saat kuudennen vuorokauden veloituksetta, esitt\u00e4m\u00e4ll\u00e4 etupassin miss\u00e4 hyv\u00e4ns\u00e4 Caravan Huiput -alueella.<\/span><\/p>\n<p><span style=\"font-size: large;\"><strong>Saunat<\/strong><\/span><br \/><span style=\"font-size: large;\">Saunoja on kaksi uimarannan yhteydess\u00e4 ja ne l\u00e4mpe\u00e4v\u00e4t joka p\u00e4iv\u00e4 1.6.-31.8. sek\u00e4 uutena telttasauna. Lis\u00e4ksi saunat l\u00e4mpi\u00e4v\u00e4t huhti-toukokuussa ja syys-lokakuussa viikonloppuisin. Saunan k\u00e4ytt\u00f6 yleisell\u00e4 saunavuorolla sis\u00e4ltyy vuorokausimaksuun.\u00a0<\/span><\/p>\n<p><span style=\"font-size: large;\"><strong>Majoitushuoneet<\/strong><\/span><\/p>\n<p><span style=\"font-size: large;\">Vanhan koulurakennuksen huoneet ovat remontoitu ja ne toivottavat vierailijat tervetulleiksi. Huoneita on nelj\u00e4; kolme kahden hengen huonetta ja yksi kolmen hengen huone. Huoneiden hinnat\u00a0ovat sivulla <a href=\"https:\/\/sfcmussalo.fi\/hinnasto\/\">Hinnasto<\/a>. <\/span><\/p>\n<p><span style=\"font-size: large;\">Huoneet ja majoitustilat ovat savuttomia. Lemmikkiel\u00e4imet eiv\u00e4t ole sallittuja huoneissa tai sis\u00e4tiloissa. Alueelle ovat lemmikit tervetulleita.\u00a0<\/span><\/p>\n<p><span style=\"font-size: large;\"><strong>Vuoden 2023 Caravan alue<\/strong><\/span><\/p>\n<p><span style=\"font-size: large;\">Saimme kunniamaininnan SF-Caravanin \u00e4\u00e4nest\u00e4jilt\u00e4 ja meid\u00e4t on valittu vuoden 2023 Caravan alueeksi. Kiit\u00e4mme kaikkia ihania vierailijoitamme t\u00e4st\u00e4 hienosta kunniasta.<strong><\/strong><\/span><\/p>\n<p><span style=\"font-size: large;\"><\/span><\/p>\n<p><span style=\"font-size: large;\"><\/span><\/p>\n<p><span style=\"font-size: large;\">Tervetuloa vierailemaan Mussaloon!<\/span><\/p>\n<p>[\/et_pb_text][\/et_pb_column][\/et_pb_row][et_pb_row column_structure=&#8221;1_3,1_3,1_3&#8243; _builder_version=&#8221;4.21.0&#8243; _module_preset=&#8221;default&#8221; global_colors_info=&#8221;{}&#8221;][et_pb_column type=&#8221;1_3&#8243; _builder_version=&#8221;4.21.0&#8243; _module_preset=&#8221;default&#8221; global_colors_info=&#8221;{}&#8221;][et_pb_image src=&#8221;https:\/\/sfcmussalo.fi\/wp-content\/uploads\/2024\/05\/vuoden-caravan-alue-2023.jpg&#8221; title_text=&#8221;vuoden caravan-alue 2023&#8243; _builder_version=&#8221;4.21.0&#8243; _module_preset=&#8221;default&#8221; global_colors_info=&#8221;{}&#8221;][\/et_pb_image][\/et_pb_column][et_pb_column type=&#8221;1_3&#8243; _builder_version=&#8221;4.21.0&#8243; _module_preset=&#8221;default&#8221; global_colors_info=&#8221;{}&#8221;][et_pb_image src=&#8221;https:\/\/sfcmussalo.fi\/wp-content\/uploads\/2016\/04\/cropped-logo-e1461233372472-1.png&#8221; title_text=&#8221;cropped-logo-e1461233372472-1.png&#8221; _builder_version=&#8221;4.21.0&#8243; _module_preset=&#8221;default&#8221; global_colors_info=&#8221;{}&#8221;][\/et_pb_image][\/et_pb_column][et_pb_column type=&#8221;1_3&#8243; _builder_version=&#8221;4.21.0&#8243; _module_preset=&#8221;default&#8221; global_colors_info=&#8221;{}&#8221;][et_pb_image src=&#8221;https:\/\/sfcmussalo.fi\/wp-content\/uploads\/2018\/01\/vankkurihymi\u00f6.jpg&#8221; title_text=&#8221;vankkurihymi\u00f6&#8221; _builder_version=&#8221;4.21.0&#8243; _module_preset=&#8221;default&#8221; global_colors_info=&#8221;{}&#8221;][\/et_pb_image][\/et_pb_column][\/et_pb_row][\/et_pb_section]<\/p>\n","protected":false},"excerpt":{"rendered":"<p>TERVETULOA CAMPING MUSSALOON! Camping Mussalo sijaitsee Taivassalon kunnassa merellisess\u00e4 ymp\u00e4rist\u00f6ss\u00e4. Alue k\u00e4sitt\u00e4\u00e4 vaihtelevaa maastoa; nurmikkoa, puustoa ja kallioista merenrantaa yht. 2,8 ha. Camping Mussalo on auki p\u00e4ivitt\u00e4in ja toimii yleisen\u00e4 camping-alueena 1.6. \u2013 31.8. v\u00e4lisen\u00e4 aikana, jolloin alueella on joka p\u00e4iv\u00e4 is\u00e4nt\u00e4p\u00e4ivystys. Alue toimii muina aikoina SFC-sopimusalueena ja on avoinna (is\u00e4nt\u00e4p\u00e4ivystys) viikonloppuisin p\u00e4\u00e4si\u00e4isest\u00e4 toukokuun loppuun [&hellip;]<\/p>\n","protected":false},"author":1,"featured_media":0,"parent":0,"menu_order":0,"comment_status":"closed","ping_status":"open","template":"","meta":{"_et_pb_use_builder":"on","_et_pb_old_content":"<h2><span title=\"TERVETULOA CAMPING MUSSALON SIVUILLE! \">V\u00c4LKOMMEN till camping Mussalo!<\/span><\/h2>\n<h4>Camping Mussalo ligger i kommunen <a href=\"https:\/\/www.taivassalo.fi\/matkailu\/pa-svenska\">T\u00f6vssalas<\/a> sk\u00e4rg\u00e5rd. P\u00e5 campingomr\u00e5det finns varierande terr\u00e4ng av gr\u00e4smattor och klippor. Under tiden 1.6-31.8 \u00e4r campingen \u00f6ppen dagligen och fungerar som ett allm\u00e4nt campingomr\u00e5de. Fr\u00e5n p\u00e5sk till slutet av maj och fr\u00e5n September till slutet av oktober \u00e4r campingen \u00f6ppen under veckosluten och fungerar som ett sk. SFC-omr\u00e5de.<\/h4>\n<h4>Camping Mussalo h\u00f6r till <a href=\"https:\/\/caravanhuiput.fi\">Caravan huiput<\/a>- kedjan. Det garanterar att campingen h\u00e5ller en h\u00f6g kvalitet. I Finland finns det 16 Caravan huiput \u2013 omr\u00e5den.. F\u00f6r varje \u00f6vernattning p\u00e5 kedjans campingplats f\u00e5r du en st\u00e4mpel i kedjans f\u00f6rm\u00e5nspass och var sj\u00e4tte \u00f6vernattning \u00e4r gratis.\nP\u00e5 campingen finns det rum till uthyrning. Rummen finns i en gammal renoverad skolbyggnad. Det finns fyra rum, tre dubbelrum och ett rum med tre b\u00e4ddar. Priserna f\u00f6r \u00f6vernattning I rumen hittar du under rubriken \u201cprislista\u201d. Rummen och hela skolbyggnaden \u00e4r r\u00f6kfri och f\u00f6rbjuden f\u00f6r husdjur.<\/h4>\n<h4><span title=\"Tervetuloa vierailemaan Mussalossa!\">V\u00e4lkommen att bes\u00f6ka Mussalo!<\/span><\/h4>\n<img class=\"alignnone size-thumbnail wp-image-77\" src=\"http:\/\/sfcmussalo.fi\/wp-content\/uploads\/2016\/04\/Huiput_logo_img-1-150x105.jpg\" alt=\"Huiput_logo_img\" width=\"150\" height=\"105\">&nbsp;&nbsp;&nbsp;&nbsp;&nbsp;&nbsp;&nbsp;&nbsp;&nbsp; <img class=\"alignnone wp-image-519 size-thumbnail\" src=\"http:\/\/sfcmussalo.fi\/wp-content\/uploads\/2016\/04\/cropped-logo-e1461233372472-1-150x150.png\" width=\"150\" height=\"150\">","_et_gb_content_width":"","ngg_post_thumbnail":0,"footnotes":""},"class_list":["post-392","page","type-page","status-publish","hentry"],"_links":{"self":[{"href":"https:\/\/sfcmussalo.fi\/sv\/wp-json\/wp\/v2\/pages\/392","targetHints":{"allow":["GET"]}}],"collection":[{"href":"https:\/\/sfcmussalo.fi\/sv\/wp-json\/wp\/v2\/pages"}],"about":[{"href":"https:\/\/sfcmussalo.fi\/sv\/wp-json\/wp\/v2\/types\/page"}],"author":[{"embeddable":true,"href":"https:\/\/sfcmussalo.fi\/sv\/wp-json\/wp\/v2\/users\/1"}],"replies":[{"embeddable":true,"href":"https:\/\/sfcmussalo.fi\/sv\/wp-json\/wp\/v2\/comments?post=392"}],"version-history":[{"count":137,"href":"https:\/\/sfcmussalo.fi\/sv\/wp-json\/wp\/v2\/pages\/392\/revisions"}],"predecessor-version":[{"id":2071,"href":"https:\/\/sfcmussalo.fi\/sv\/wp-json\/wp\/v2\/pages\/392\/revisions\/2071"}],"wp:attachment":[{"href":"https:\/\/sfcmussalo.fi\/sv\/wp-json\/wp\/v2\/media?parent=392"}],"curies":[{"name":"wp","href":"https:\/\/api.w.org\/{rel}","templated":true}]}}