{"id":35,"date":"2016-04-21T13:30:39","date_gmt":"2016-04-21T10:30:39","guid":{"rendered":"http:\/\/opetus.aikuiskoulutus.fi\/datanomi15\/heimonen\/?page_id=35"},"modified":"2025-07-14T11:04:49","modified_gmt":"2025-07-14T08:04:49","slug":"palvelut-2","status":"publish","type":"page","link":"https:\/\/sfcmussalo.fi\/sv\/palvelut-2\/","title":{"rendered":"Tj\u00e4nster"},"content":{"rendered":"<p><\/p>\n<h1>Tj\u00e4nster Camping Mussalo<\/h1>\n<h1><img loading=\"lazy\" decoding=\"async\" class=\"alignnone wp-image-19 size-full\" src=\"http:\/\/sfcmussalo.fi\/wp-content\/uploads\/2016\/04\/palvelut-1.jpg\" width=\"536\" height=\"113\" srcset=\"https:\/\/sfcmussalo.fi\/wp-content\/uploads\/2016\/04\/palvelut-1.jpg 536w, https:\/\/sfcmussalo.fi\/wp-content\/uploads\/2016\/04\/palvelut-1-300x63.jpg 300w\" sizes=\"auto, (max-width: 536px) 100vw, 536px\" \/><\/h1>\n<h3><iframe loading=\"lazy\" src=\"https:\/\/www.youtube-nocookie.com\/embed\/FKUmcLR2gZ0\" width=\"600\" height=\"337\" frameborder=\"0\" allowfullscreen=\"allowfullscreen\"><\/iframe><\/h3>\n<h2>Rum<\/h2>\n<h4>I en gammal skolbyggnad finns \u00f6vernattningsm\u00f6jligheter i tre dubbelrum och ett trippelrum med tre b\u00e4ddar. Byggnaden har renoverats under v\u00e5ren 2013.<br \/>\nBoka ett rum p\u00e5 telefonnummer +358 40 764 9391! Husdjur \u00e4r inte till\u00e5tna i rummen.<\/h4>\n<p><img loading=\"lazy\" decoding=\"async\" class=\"alignnone wp-image-389 size-thumbnail\" src=\"http:\/\/sfcmussalo.fi\/wp-content\/uploads\/2016\/05\/WP_20160506_15_33_25_Pro-1-150x150.jpg\" width=\"150\" height=\"150\"><img loading=\"lazy\" decoding=\"async\" class=\"alignnone wp-image-390 size-thumbnail\" src=\"http:\/\/sfcmussalo.fi\/wp-content\/uploads\/2016\/05\/WP_20160506_15_34_17_Pro-1-150x150.jpg\" width=\"150\" height=\"150\"><img loading=\"lazy\" decoding=\"async\" class=\"alignnone wp-image-391 size-thumbnail\" src=\"http:\/\/sfcmussalo.fi\/wp-content\/uploads\/2016\/05\/WP_20160506_15_38_36_Pro-1-150x150.jpg\" width=\"150\" height=\"150\"><img loading=\"lazy\" decoding=\"async\" class=\"alignnone wp-image-397 size-thumbnail\" src=\"http:\/\/sfcmussalo.fi\/wp-content\/uploads\/2016\/05\/WP_20160506_15_39_32_Pro-1-150x150.jpg\" width=\"150\" height=\"150\"><\/p>\n<h2><span id=\"result_box\" lang=\"sv\">Husvagn och camping<\/span><span id=\"result_box\" lang=\"sv\"><br \/>\n<\/span><span id=\"result_box\" lang=\"sv\"><\/span><\/h2>\n<p class=\"western\"><span style=\"font-size: medium;\"><span lang=\"sv-SE\">Det finns 120 platser f\u00f6r husbilar och husvagnar och alla har elanslutning.&nbsp;<\/span><\/span><\/p>\n<p class=\"western\" lang=\"sv-SE\">I<span style=\"font-size: medium;\"> n\u00e4rheten av stranden finns ett omr\u00e5de reservera f\u00f6r t\u00e4lt.<\/span><\/p>\n<p class=\"western\" lang=\"sv-SE\"><span style=\"font-size: medium;\">Serviceanl\u00e4ggningarna p\u00e5 omr\u00e5det st\u00e5r till alla bes\u00f6kares f\u00f6rfogande.<\/span><\/p>\n<p class=\"western\" lang=\"sv-SE\"><span style=\"font-size: medium;\">Gratis internetuppkoppling \u00e4r tillg\u00e4nglig p\u00e5 omr\u00e5det.<\/span><\/p>\n<p class=\"western\" lang=\"sv-SE\"><span style=\"font-size: medium;\">R\u00f6kning \u00e4r f\u00f6rbjuden inomhus i alla allm\u00e4nna utrymmen.<\/span><\/p>\n<p class=\"western\" lang=\"sv-SE\"><span style=\"font-size: medium;\">Husdjur ska h\u00e5llas kopplade och de f\u00e5r inte medtas till inomhusutrymmen eller till grillen.<\/span><\/p>\n<h2>Bastu<\/h2>\n<p class=\"western\" lang=\"sv-SE\"><span style=\"font-size: medium;\">Det finns tv\u00e5 bastur i anslutning till badstranden en f\u00f6r damer och en f\u00f6r herrar.<\/span><\/p>\n<p class=\"western\" lang=\"sv-SE\"><span style=\"font-size: medium;\">De \u00e4r varma dagligen under perioden 1.6 \u2013 31.8<\/span><\/p>\n<p class=\"western\" lang=\"sv-SE\">Under<span style=\"font-size: medium;\"> april-maj och september-oktober v\u00e4rms bastuna under veckosluten<\/span><\/p>\n<p class=\"western\" lang=\"sv-SE\"><span style=\"font-size: medium;\">Bastubes\u00f6k p\u00e5 allm\u00e4n bastutid ing\u00e5r i \u00f6vernattningsavgiften.<\/span><\/p>\n<h2>Hitta till oss<\/h2>\n<h4><span lang=\"sv-SE\">\u00d6sterifr\u00e5n: ca. 5 km fr\u00e5n Taivassalo i riktning Gustavs kommer p\u00e5 h\u00f6gra sidan restaurangen <\/span><span lang=\"sv-SE\"><b>\u201dHeikinkarin Ranthuone\u201d<\/b><\/span><span lang=\"sv-SE\"> Genast efter d\u00e4rp\u00e5 f\u00f6ljande bro tar du av till v\u00e4nster vid v\u00e4gvisaren \u201dMussalo 3\u201d. Efter ca. 3 km \u00e4r du framme.<\/span><br \/>\n<span lang=\"sv-SE\">Om du kommer v\u00e4sterifr\u00e5n fr\u00e5n Gustavs tar du av till h\u00f6ger ca. 200 m efter ortsskylten <\/span><span lang=\"sv-SE\"><b>\u201dMussalo\u201d, <\/b><\/span><span lang=\"sv-SE\">f\u00f6re bron.<\/span><\/h4>\n<h4><span id=\"result_box\" lang=\"sv\">&nbsp;<\/span><\/h4>\n<p><\/p>","protected":false},"excerpt":{"rendered":"<p>Tj\u00e4nster Camping Mussalo Rum I en gammal skolbyggnad finns \u00f6vernattningsm\u00f6jligheter i tre dubbelrum och ett trippelrum med tre b\u00e4ddar. Byggnaden har renoverats under v\u00e5ren 2013. Boka ett rum p\u00e5 telefonnummer +358 40 764 9391! Husdjur \u00e4r inte till\u00e5tna i rummen. Husvagn och camping Det finns 120 platser f\u00f6r husbilar och husvagnar och alla har elanslutning.&nbsp; [&hellip;]<\/p>\n","protected":false},"author":1,"featured_media":0,"parent":0,"menu_order":0,"comment_status":"closed","ping_status":"closed","template":"","meta":{"_et_pb_use_builder":"off","_et_pb_old_content":"<h1>Tj\u00e4nster Camping Mussalo<\/h1>\n<h1><img class=\"alignnone wp-image-19 size-full\" src=\"http:\/\/sfcmussalo.fi\/wp-content\/uploads\/2016\/04\/palvelut-1.jpg\" width=\"536\" height=\"113\"><\/h1>\n<h3><iframe src=\"https:\/\/www.youtube-nocookie.com\/embed\/FKUmcLR2gZ0\" width=\"600\" height=\"337\" frameborder=\"0\" allowfullscreen=\"allowfullscreen\"><\/iframe><\/h3>\n<h2>Rum<\/h2>\n<h4>I en gammal skolbyggnad finns \u00f6vernattningsm\u00f6jligheter i tre dubbelrum och ett trippelrum med tre b\u00e4ddar. Byggnaden har renoverats under v\u00e5ren 2013.\nBoka ett rum p\u00e5 telefonnummer +358 40 764 9391! Husdjur \u00e4r inte till\u00e5tna i rummen.<\/h4>\n<img class=\"alignnone wp-image-389 size-thumbnail\" src=\"http:\/\/sfcmussalo.fi\/wp-content\/uploads\/2016\/05\/WP_20160506_15_33_25_Pro-1-150x150.jpg\" width=\"150\" height=\"150\"><img class=\"alignnone wp-image-390 size-thumbnail\" src=\"http:\/\/sfcmussalo.fi\/wp-content\/uploads\/2016\/05\/WP_20160506_15_34_17_Pro-1-150x150.jpg\" width=\"150\" height=\"150\"><img class=\"alignnone wp-image-391 size-thumbnail\" src=\"http:\/\/sfcmussalo.fi\/wp-content\/uploads\/2016\/05\/WP_20160506_15_38_36_Pro-1-150x150.jpg\" width=\"150\" height=\"150\"><img class=\"alignnone wp-image-397 size-thumbnail\" src=\"http:\/\/sfcmussalo.fi\/wp-content\/uploads\/2016\/05\/WP_20160506_15_39_32_Pro-1-150x150.jpg\" width=\"150\" height=\"150\">\n<h2><span id=\"result_box\" lang=\"sv\">Husvagn och camping<\/span><span id=\"result_box\" lang=\"sv\">\n<\/span><span id=\"result_box\" lang=\"sv\"><\/span><\/h2>\n<p class=\"western\"><span style=\"font-size: medium;\"><span lang=\"sv-SE\">Det finns 120 platser f\u00f6r husbilar och husvagnar och alla har elanslutning.&nbsp;<\/span><\/span><\/p>\n<p class=\"western\" lang=\"sv-SE\">I<span style=\"font-size: medium;\"> n\u00e4rheten av stranden finns ett omr\u00e5de reservera f\u00f6r t\u00e4lt.<\/span><\/p>\n<p class=\"western\" lang=\"sv-SE\"><span style=\"font-size: medium;\">Serviceanl\u00e4ggningarna p\u00e5 omr\u00e5det st\u00e5r till alla bes\u00f6kares f\u00f6rfogande.<\/span><\/p>\n<p class=\"western\" lang=\"sv-SE\"><span style=\"font-size: medium;\">Gratis internetuppkoppling \u00e4r tillg\u00e4nglig p\u00e5 omr\u00e5det.<\/span><\/p>\n<p class=\"western\" lang=\"sv-SE\"><span style=\"font-size: medium;\">R\u00f6kning \u00e4r f\u00f6rbjuden inomhus i alla allm\u00e4nna utrymmen.<\/span><\/p>\n<p class=\"western\" lang=\"sv-SE\"><span style=\"font-size: medium;\">Husdjur ska h\u00e5llas kopplade och de f\u00e5r inte medtas till inomhusutrymmen eller till grillen.<\/span><\/p>\n\n<h2>Bastu<\/h2>\n<p class=\"western\" lang=\"sv-SE\"><span style=\"font-size: medium;\">Det finns tv\u00e5 bastur i anslutning till badstranden en f\u00f6r damer och en f\u00f6r herrar.<\/span><\/p>\n<p class=\"western\" lang=\"sv-SE\"><span style=\"font-size: medium;\">De \u00e4r varma dagligen under perioden 1.6 \u2013 31.8<\/span><\/p>\n<p class=\"western\" lang=\"sv-SE\">Under<span style=\"font-size: medium;\"> april-maj och september-oktober v\u00e4rms bastuna under veckosluten<\/span><\/p>\n<p class=\"western\" lang=\"sv-SE\"><span style=\"font-size: medium;\">Bastubes\u00f6k p\u00e5 allm\u00e4n bastutid ing\u00e5r i \u00f6vernattningsavgiften.<\/span><\/p>\n\n<h2>Hitta till oss<\/h2>\n<h4><span lang=\"sv-SE\">\u00d6sterifr\u00e5n: ca. 5 km fr\u00e5n Taivassalo i riktning Gustavs kommer p\u00e5 h\u00f6gra sidan restaurangen <\/span><span lang=\"sv-SE\"><b>\u201dHeikinkarin Ranthuone\u201d<\/b><\/span><span lang=\"sv-SE\"> Genast efter d\u00e4rp\u00e5 f\u00f6ljande bro tar du av till v\u00e4nster vid v\u00e4gvisaren \u201dMussalo 3\u201d. Efter ca. 3 km \u00e4r du framme.<\/span>\n<span lang=\"sv-SE\">Om du kommer v\u00e4sterifr\u00e5n fr\u00e5n Gustavs tar du av till h\u00f6ger ca. 200 m efter ortsskylten <\/span><span lang=\"sv-SE\"><b>\u201dMussalo\u201d, <\/b><\/span><span lang=\"sv-SE\">f\u00f6re bron.<\/span><\/h4>\n<h4><span id=\"result_box\" lang=\"sv\">&nbsp;<\/span><\/h4>","_et_gb_content_width":"","ngg_post_thumbnail":0,"footnotes":""},"class_list":["post-35","page","type-page","status-publish","hentry"],"_links":{"self":[{"href":"https:\/\/sfcmussalo.fi\/sv\/wp-json\/wp\/v2\/pages\/35","targetHints":{"allow":["GET"]}}],"collection":[{"href":"https:\/\/sfcmussalo.fi\/sv\/wp-json\/wp\/v2\/pages"}],"about":[{"href":"https:\/\/sfcmussalo.fi\/sv\/wp-json\/wp\/v2\/types\/page"}],"author":[{"embeddable":true,"href":"https:\/\/sfcmussalo.fi\/sv\/wp-json\/wp\/v2\/users\/1"}],"replies":[{"embeddable":true,"href":"https:\/\/sfcmussalo.fi\/sv\/wp-json\/wp\/v2\/comments?post=35"}],"version-history":[{"count":70,"href":"https:\/\/sfcmussalo.fi\/sv\/wp-json\/wp\/v2\/pages\/35\/revisions"}],"predecessor-version":[{"id":2017,"href":"https:\/\/sfcmussalo.fi\/sv\/wp-json\/wp\/v2\/pages\/35\/revisions\/2017"}],"wp:attachment":[{"href":"https:\/\/sfcmussalo.fi\/sv\/wp-json\/wp\/v2\/media?parent=35"}],"curies":[{"name":"wp","href":"https:\/\/api.w.org\/{rel}","templated":true}]}}