{"id":1629,"date":"2023-07-06T11:15:19","date_gmt":"2023-07-06T08:15:19","guid":{"rendered":"https:\/\/sfcmussalo.fi\/?page_id=1629"},"modified":"2025-07-14T11:10:29","modified_gmt":"2025-07-14T08:10:29","slug":"services","status":"publish","type":"page","link":"https:\/\/sfcmussalo.fi\/sv\/services\/","title":{"rendered":"Services"},"content":{"rendered":"<p>[et_pb_section fb_built=&#8221;1&#8243; fullwidth=&#8221;on&#8221; _builder_version=&#8221;4.21.0&#8243; _module_preset=&#8221;default&#8221; global_colors_info=&#8221;{}&#8221;][et_pb_fullwidth_header title=&#8221;SERVICES&#8221; text_orientation=&#8221;center&#8221; header_scroll_down=&#8221;on&#8221; scroll_down_icon=&#8221;%%1%%&#8221; _builder_version=&#8221;4.21.0&#8243; _module_preset=&#8221;default&#8221; title_font=&#8221;|||on|||||&#8221; title_text_align=&#8221;center&#8221; title_text_color=&#8221;#FFFFFF&#8221; title_font_size=&#8221;60px&#8221; background_image=&#8221;https:\/\/sfcmussalo.fi\/wp-content\/uploads\/2016\/04\/WP_20150801_20_36_06_Pro-1-e1687264051186.jpg&#8221; custom_margin=&#8221;0px||||false|false&#8221; custom_padding=&#8221;15%||15%||false|false&#8221; custom_padding_tablet=&#8221;15%||15%||false|false&#8221; custom_padding_phone=&#8221;15%||15%||false|false&#8221; custom_padding_last_edited=&#8221;on|desktop&#8221; title_font_size_tablet=&#8221;45px&#8221; title_font_size_phone=&#8221;30px&#8221; title_font_size_last_edited=&#8221;on|desktop&#8221; title_text_shadow_style=&#8221;preset1&#8243; title_text_shadow_color=&#8221;#000000&#8243; text_shadow_style=&#8221;preset1&#8243; global_colors_info=&#8221;{}&#8221;][\/et_pb_fullwidth_header][\/et_pb_section][et_pb_section fb_built=&#8221;1&#8243; specialty=&#8221;on&#8221; _builder_version=&#8221;4.21.0&#8243; _module_preset=&#8221;default&#8221; global_colors_info=&#8221;{}&#8221;][et_pb_column type=&#8221;1_2&#8243; specialty_columns=&#8221;2&#8243; _builder_version=&#8221;4.16&#8243; custom_padding=&#8221;|||&#8221; global_colors_info=&#8221;{}&#8221; custom_padding__hover=&#8221;|||&#8221;][et_pb_row_inner _builder_version=&#8221;4.21.0&#8243; _module_preset=&#8221;default&#8221; global_colors_info=&#8221;{}&#8221;][et_pb_column_inner saved_specialty_column_type=&#8221;1_2&#8243; _builder_version=&#8221;4.21.0&#8243; _module_preset=&#8221;default&#8221; global_colors_info=&#8221;{}&#8221;][et_pb_image src=&#8221;https:\/\/sfcmussalo.fi\/wp-content\/uploads\/2016\/04\/palvelut-1.jpg&#8221; title_text=&#8221;palvelut&#8221; align=&#8221;center&#8221; _builder_version=&#8221;4.21.0&#8243; _module_preset=&#8221;default&#8221; transform_scale=&#8221;150%|150%&#8221; transform_scale_tablet=&#8221;100%|100%&#8221; transform_scale_phone=&#8221;100%|100%&#8221; transform_scale_last_edited=&#8221;on|phone&#8221; transform_translate_tablet=&#8221;&#8221; transform_translate_phone=&#8221;&#8221; transform_translate_last_edited=&#8221;on|tablet&#8221; transform_rotate_tablet=&#8221;&#8221; transform_rotate_phone=&#8221;&#8221; transform_rotate_last_edited=&#8221;on|tablet&#8221; transform_skew_tablet=&#8221;&#8221; transform_skew_phone=&#8221;&#8221; transform_skew_last_edited=&#8221;on|tablet&#8221; transform_origin_tablet=&#8221;&#8221; transform_origin_phone=&#8221;&#8221; transform_origin_last_edited=&#8221;on|tablet&#8221; transform_styles_last_edited=&#8221;on|phone&#8221; module_alignment=&#8221;center&#8221; transform_styles_tablet=&#8221;&#8221; transform_styles_phone=&#8221;&#8221; global_colors_info=&#8221;{}&#8221;][\/et_pb_image][et_pb_text _builder_version=&#8221;4.21.0&#8243; _module_preset=&#8221;default&#8221; global_colors_info=&#8221;{}&#8221;]<\/p>\n<h3><a href=\"https:\/\/sfcmussalo.fi\/wp-content\/uploads\/2022\/05\/Na\u0308ytto\u0308kuva-2022-5-28-kello-9.14.05-1.png\">Map of area<\/a><\/h3>\n<h3><\/h3>\n<h3>Room reservations<\/h3>\n<p>School building has accommodation in three double rooms and one triple room. The accommodation has been renovated in the spring of 2013. <br \/><a href=\"https:\/\/wbe-sfcmussalo.hotellinx.com\/\">BOOK A ROOM HERE.<\/a><\/p>\n<p><strong>Pets are not allowed in the rooms.<\/strong><\/p>\n<p>[\/et_pb_text][et_pb_text _builder_version=&#8221;4.21.0&#8243; _module_preset=&#8221;default&#8221; global_colors_info=&#8221;{}&#8221;]<\/p>\n<h3>Caravan and camping area<\/h3>\n<p>The area has for caravans with electricity 120 seats in the marine environment. Year Place kinds of caravans in the range of 60 campers have their own area right on the beachfront and service facilities are visiting all the area available. The area is available free of charge Wi-Fi. Smoking is prohibited indoors throughout the region. Pets must be kept on a leash and export of animals and barbecue indoors is prohibited.<br \/><a href=\"https:\/\/wbe-sfcmussalo.hotellinx.com\/\">BOOK YOUR CARAVAN PLACE HERE.<\/a><\/p>\n<p>[\/et_pb_text][et_pb_text _builder_version=&#8221;4.21.0&#8243; _module_preset=&#8221;default&#8221; global_colors_info=&#8221;{}&#8221;]<\/p>\n<p><a href=\"https:\/\/www.google.fi\/maps\/place\/Mussalontie+356,+23310+Taivassalo\/@60.5353435,21.5405545,17z\/data=!3m1!4b1!4m2!3m1!1s0x468b97ef7b341c7d:0x65366d5bee8588e6\" target=\"_blank\" rel=\"noopener noreferrer\">Driving instructions!<\/a><\/p>\n<h3><\/h3>\n<h3>There is a defibrillilator in the main house.<\/h3>\n<p>[\/et_pb_text][\/et_pb_column_inner][\/et_pb_row_inner][\/et_pb_column][et_pb_column type=&#8221;1_2&#8243; _builder_version=&#8221;4.16&#8243; custom_padding=&#8221;|||&#8221; global_colors_info=&#8221;{}&#8221; custom_padding__hover=&#8221;|||&#8221;][et_pb_video src=&#8221;https:\/\/youtu.be\/FKUmcLR2gZ0&#8243; _builder_version=&#8221;4.21.0&#8243; _module_preset=&#8221;default&#8221; global_colors_info=&#8221;{}&#8221;][\/et_pb_video][et_pb_gallery gallery_ids=&#8221;397,391,390,389&#8243; fullwidth=&#8221;on&#8221; _builder_version=&#8221;4.21.0&#8243; _module_preset=&#8221;default&#8221; global_colors_info=&#8221;{}&#8221;][\/et_pb_gallery][\/et_pb_column][\/et_pb_section]<\/p>\n","protected":false},"excerpt":{"rendered":"<p>Map of area Room reservations School building has accommodation in three double rooms and one triple room. The accommodation has been renovated in the spring of 2013. BOOK A ROOM HERE. Pets are not allowed in the rooms.Caravan and camping area The area has for caravans with electricity 120 seats in the marine environment. Year [&hellip;]<\/p>\n","protected":false},"author":1,"featured_media":0,"parent":0,"menu_order":0,"comment_status":"closed","ping_status":"closed","template":"","meta":{"_et_pb_use_builder":"on","_et_pb_old_content":"<h1>Tj\u00e4nster Camping Mussalo<\/h1>\n<h1><img class=\"alignnone wp-image-19 size-full\" src=\"http:\/\/sfcmussalo.fi\/wp-content\/uploads\/2016\/04\/palvelut-1.jpg\" width=\"536\" height=\"113\"><\/h1>\n<h3><iframe src=\"https:\/\/www.youtube-nocookie.com\/embed\/FKUmcLR2gZ0\" width=\"600\" height=\"337\" frameborder=\"0\" allowfullscreen=\"allowfullscreen\"><\/iframe><\/h3>\n<h2>Rum<\/h2>\n<h4>I en gammal skolbyggnad finns \u00f6vernattningsm\u00f6jligheter i tre dubbelrum och ett trippelrum med tre b\u00e4ddar. Byggnaden har renoverats under v\u00e5ren 2013.\nBoka ett rum p\u00e5 telefonnummer +358 40 764 9391! Husdjur \u00e4r inte till\u00e5tna i rummen.<\/h4>\n<img class=\"alignnone wp-image-389 size-thumbnail\" src=\"http:\/\/sfcmussalo.fi\/wp-content\/uploads\/2016\/05\/WP_20160506_15_33_25_Pro-1-150x150.jpg\" width=\"150\" height=\"150\"><img class=\"alignnone wp-image-390 size-thumbnail\" src=\"http:\/\/sfcmussalo.fi\/wp-content\/uploads\/2016\/05\/WP_20160506_15_34_17_Pro-1-150x150.jpg\" width=\"150\" height=\"150\"><img class=\"alignnone wp-image-391 size-thumbnail\" src=\"http:\/\/sfcmussalo.fi\/wp-content\/uploads\/2016\/05\/WP_20160506_15_38_36_Pro-1-150x150.jpg\" width=\"150\" height=\"150\"><img class=\"alignnone wp-image-397 size-thumbnail\" src=\"http:\/\/sfcmussalo.fi\/wp-content\/uploads\/2016\/05\/WP_20160506_15_39_32_Pro-1-150x150.jpg\" width=\"150\" height=\"150\">\n<h2><span id=\"result_box\" lang=\"sv\">Husvagn och camping<\/span><span id=\"result_box\" lang=\"sv\">\n<\/span><span id=\"result_box\" lang=\"sv\"><\/span><\/h2>\n<p class=\"western\"><span style=\"font-size: medium;\"><span lang=\"sv-SE\">Det finns 120 platser f\u00f6r husbilar och husvagnar och alla har elanslutning.&nbsp;<\/span><\/span><\/p>\n<p class=\"western\" lang=\"sv-SE\">I<span style=\"font-size: medium;\"> n\u00e4rheten av stranden finns ett omr\u00e5de reservera f\u00f6r t\u00e4lt.<\/span><\/p>\n<p class=\"western\" lang=\"sv-SE\"><span style=\"font-size: medium;\">Serviceanl\u00e4ggningarna p\u00e5 omr\u00e5det st\u00e5r till alla bes\u00f6kares f\u00f6rfogande.<\/span><\/p>\n<p class=\"western\" lang=\"sv-SE\"><span style=\"font-size: medium;\">Gratis internetuppkoppling \u00e4r tillg\u00e4nglig p\u00e5 omr\u00e5det.<\/span><\/p>\n<p class=\"western\" lang=\"sv-SE\"><span style=\"font-size: medium;\">R\u00f6kning \u00e4r f\u00f6rbjuden inomhus i alla allm\u00e4nna utrymmen.<\/span><\/p>\n<p class=\"western\" lang=\"sv-SE\"><span style=\"font-size: medium;\">Husdjur ska h\u00e5llas kopplade och de f\u00e5r inte medtas till inomhusutrymmen eller till grillen.<\/span><\/p>\n\n<h2>Bastu<\/h2>\n<p class=\"western\" lang=\"sv-SE\"><span style=\"font-size: medium;\">Det finns tv\u00e5 bastur i anslutning till badstranden en f\u00f6r damer och en f\u00f6r herrar.<\/span><\/p>\n<p class=\"western\" lang=\"sv-SE\"><span style=\"font-size: medium;\">De \u00e4r varma dagligen under perioden 1.6 \u2013 31.8<\/span><\/p>\n<p class=\"western\" lang=\"sv-SE\">Under<span style=\"font-size: medium;\"> april-maj och september-oktober v\u00e4rms bastuna under veckosluten<\/span><\/p>\n<p class=\"western\" lang=\"sv-SE\"><span style=\"font-size: medium;\">Bastubes\u00f6k p\u00e5 allm\u00e4n bastutid ing\u00e5r i \u00f6vernattningsavgiften.<\/span><\/p>\n\n<h2>Hitta till oss<\/h2>\n<h4><span lang=\"sv-SE\">\u00d6sterifr\u00e5n: ca. 5 km fr\u00e5n Taivassalo i riktning Gustavs kommer p\u00e5 h\u00f6gra sidan restaurangen <\/span><span lang=\"sv-SE\"><b>\u201dHeikinkarin Ranthuone\u201d<\/b><\/span><span lang=\"sv-SE\"> Genast efter d\u00e4rp\u00e5 f\u00f6ljande bro tar du av till v\u00e4nster vid v\u00e4gvisaren \u201dMussalo 3\u201d. Efter ca. 3 km \u00e4r du framme.<\/span>\n<span lang=\"sv-SE\">Om du kommer v\u00e4sterifr\u00e5n fr\u00e5n Gustavs tar du av till h\u00f6ger ca. 200 m efter ortsskylten <\/span><span lang=\"sv-SE\"><b>\u201dMussalo\u201d, <\/b><\/span><span lang=\"sv-SE\">f\u00f6re bron.<\/span><\/h4>\n<h4><span id=\"result_box\" lang=\"sv\">&nbsp;<\/span><\/h4>","_et_gb_content_width":"","ngg_post_thumbnail":0,"footnotes":""},"class_list":["post-1629","page","type-page","status-publish","hentry"],"_links":{"self":[{"href":"https:\/\/sfcmussalo.fi\/sv\/wp-json\/wp\/v2\/pages\/1629","targetHints":{"allow":["GET"]}}],"collection":[{"href":"https:\/\/sfcmussalo.fi\/sv\/wp-json\/wp\/v2\/pages"}],"about":[{"href":"https:\/\/sfcmussalo.fi\/sv\/wp-json\/wp\/v2\/types\/page"}],"author":[{"embeddable":true,"href":"https:\/\/sfcmussalo.fi\/sv\/wp-json\/wp\/v2\/users\/1"}],"replies":[{"embeddable":true,"href":"https:\/\/sfcmussalo.fi\/sv\/wp-json\/wp\/v2\/comments?post=1629"}],"version-history":[{"count":3,"href":"https:\/\/sfcmussalo.fi\/sv\/wp-json\/wp\/v2\/pages\/1629\/revisions"}],"predecessor-version":[{"id":2020,"href":"https:\/\/sfcmussalo.fi\/sv\/wp-json\/wp\/v2\/pages\/1629\/revisions\/2020"}],"wp:attachment":[{"href":"https:\/\/sfcmussalo.fi\/sv\/wp-json\/wp\/v2\/media?parent=1629"}],"curies":[{"name":"wp","href":"https:\/\/api.w.org\/{rel}","templated":true}]}}