{"id":1620,"date":"2023-07-06T11:06:31","date_gmt":"2023-07-06T08:06:31","guid":{"rendered":"https:\/\/sfcmussalo.fi\/etusivu-svenska\/"},"modified":"2023-08-02T13:42:14","modified_gmt":"2023-08-02T10:42:14","slug":"hem","status":"publish","type":"page","link":"https:\/\/sfcmussalo.fi\/hem\/","title":{"rendered":"Hemsida"},"content":{"rendered":"<p>[et_pb_section fb_built=&#8221;1&#8243; fullwidth=&#8221;on&#8221; _builder_version=&#8221;4.21.0&#8243; _module_preset=&#8221;default&#8221; global_colors_info=&#8221;{}&#8221;][et_pb_fullwidth_header title=&#8221;V\u00e4lkommen till Camping Mussalo!&#8221; button_one_text=&#8221;360 tour&#8221; _builder_version=&#8221;4.21.0&#8243; _module_preset=&#8221;default&#8221; button_one_url=&#8221;https:\/\/sfcmussalo.fi\/360-tour\/&#8221; title_text=&#8221;DCIM100MEDIADJI_0032.JPG&#8221; background_image=&#8221;https:\/\/sfcmussalo.fi\/wp-content\/uploads\/2023\/08\/DJI_0032-2.jpg&#8221; text_orientation=&#8221;center&#8221; title_text_shadow_style=&#8221;preset1&#8243; custom_button_one=&#8221;on&#8221; button_one_bg_color=&#8221;rgba(53,53,53,0.6)&#8221; button_one_bg_enable_color=&#8221;on&#8221; custom_padding=&#8221;15%||15%||false|false&#8221; hover_enabled=&#8221;0&#8243; sticky_enabled=&#8221;0&#8243;][\/et_pb_fullwidth_header][\/et_pb_section][et_pb_section fb_built=&#8221;1&#8243; _builder_version=&#8221;4.16&#8243; global_colors_info=&#8221;{}&#8221;][et_pb_row _builder_version=&#8221;4.21.0&#8243; background_size=&#8221;initial&#8221; background_position=&#8221;top_left&#8221; background_repeat=&#8221;repeat&#8221; width=&#8221;90%&#8221; max_width=&#8221;2560px&#8221; global_colors_info=&#8221;{}&#8221;][et_pb_column type=&#8221;4_4&#8243; _builder_version=&#8221;4.16&#8243; custom_padding=&#8221;|||&#8221; global_colors_info=&#8221;{}&#8221; custom_padding__hover=&#8221;|||&#8221;][et_pb_text _builder_version=&#8221;4.21.0&#8243; background_size=&#8221;initial&#8221; background_position=&#8221;top_left&#8221; background_repeat=&#8221;repeat&#8221; global_colors_info=&#8221;{}&#8221;]<\/p>\n<h1>V\u00c4LKOMMEN TILL CAMPING MUSSALO!<\/h1>\n<h3><\/h3>\n<p>&nbsp;<\/p>\n<p>Camping Mussalo ligger i kommunen T\u00f6vssalas sk\u00e4rg\u00e5rd. P\u00e5 campingomr\u00e5det finns varierande terr\u00e4ng av gr\u00e4smattor och klippor. Under tiden 1.6-31.8 \u00e4r campingen \u00f6ppen dagligen och fungerar som ett allm\u00e4nt campingomr\u00e5de. Fr\u00e5n p\u00e5sk till slutet av maj och fr\u00e5n September till slutet av oktober \u00e4r campingen \u00f6ppen under veckosluten och fungerar som ett sk. SFC-omr\u00e5de.<\/p>\n<p>Camping Mussalo h\u00f6r till Caravan huiput- kedjan. Det garanterar att campingen h\u00e5ller en h\u00f6g kvalitet. I Finland finns det 16 Caravan huiput \u2013 omr\u00e5den. F\u00f6r varje \u00f6vernattning p\u00e5 kedjans campingplats f\u00e5r du en st\u00e4mpel i kedjans f\u00f6rm\u00e5nspass och var sj\u00e4tte \u00f6vernattning \u00e4r gratis.<br \/>P\u00e5 campingen finns det rum till uthyrning. Rummen finns i en gammal renoverad skolbyggnad. Det finns fyra rum, tre dubbelrum och ett rum med tre b\u00e4ddar. Priserna f\u00f6r \u00f6vernattning I rumen hittar du under rubriken \u201cprislista\u201d. Rummen och hela skolbyggnaden \u00e4r r\u00f6kfri och f\u00f6rbjuden f\u00f6r husdjur.<\/p>\n<p>V\u00e4lkommen att bes\u00f6ka Mussalo!<\/p>\n<p>&nbsp;<\/p>\n<p>[\/et_pb_text][\/et_pb_column][\/et_pb_row][\/et_pb_section][et_pb_section fb_built=&#8221;1&#8243; fullwidth=&#8221;on&#8221; _builder_version=&#8221;4.21.0&#8243; _module_preset=&#8221;default&#8221; global_colors_info=&#8221;{}&#8221;][et_pb_fullwidth_image src=&#8221;https:\/\/sfcmussalo.fi\/wp-content\/uploads\/2023\/07\/WP_20160527_22_16_35_Pro-1-e1687263369894-scaled.jpg&#8221; title_text=&#8221;WP_20160527_22_16_35_Pro&#8221; _builder_version=&#8221;4.21.0&#8243; _module_preset=&#8221;default&#8221; global_colors_info=&#8221;{}&#8221;][\/et_pb_fullwidth_image][\/et_pb_section][et_pb_section fb_built=&#8221;1&#8243; _builder_version=&#8221;4.16&#8243; global_colors_info=&#8221;{}&#8221;][et_pb_row column_structure=&#8221;1_2,1_2&#8243; use_custom_gutter=&#8221;on&#8221; make_equal=&#8221;on&#8221; _builder_version=&#8221;4.21.0&#8243; _module_preset=&#8221;default&#8221; width=&#8221;25%&#8221; global_colors_info=&#8221;{}&#8221;][et_pb_column type=&#8221;1_2&#8243; _builder_version=&#8221;4.21.0&#8243; _module_preset=&#8221;default&#8221; global_colors_info=&#8221;{}&#8221;][et_pb_image src=&#8221;https:\/\/sfcmussalo.fi\/wp-content\/uploads\/2023\/07\/cropped-logo-e1461233372472-1.png&#8221; title_text=&#8221;cropped-logo-e1461233372472-1.png&#8221; align=&#8221;center&#8221; _builder_version=&#8221;4.21.0&#8243; _module_preset=&#8221;default&#8221; width=&#8221;50%&#8221; width_tablet=&#8221;50%&#8221; width_phone=&#8221;50%&#8221; width_last_edited=&#8221;on|phone&#8221; global_colors_info=&#8221;{}&#8221;][\/et_pb_image][\/et_pb_column][et_pb_column type=&#8221;1_2&#8243; _builder_version=&#8221;4.21.0&#8243; _module_preset=&#8221;default&#8221; global_colors_info=&#8221;{}&#8221;][et_pb_image src=&#8221;https:\/\/sfcmussalo.fi\/wp-content\/uploads\/2023\/07\/Huiput_logo_img-1.jpg&#8221; title_text=&#8221;Huiput_logo_img&#8221; align=&#8221;center&#8221; _builder_version=&#8221;4.21.0&#8243; _module_preset=&#8221;default&#8221; global_colors_info=&#8221;{}&#8221;][\/et_pb_image][\/et_pb_column][\/et_pb_row][\/et_pb_section]<\/p>\n","protected":false},"excerpt":{"rendered":"<p>V\u00c4LKOMMEN TILL CAMPING MUSSALO! &nbsp; Camping Mussalo ligger i kommunen T\u00f6vssalas sk\u00e4rg\u00e5rd. P\u00e5 campingomr\u00e5det finns varierande terr\u00e4ng av gr\u00e4smattor och klippor. Under tiden 1.6-31.8 \u00e4r campingen \u00f6ppen dagligen och fungerar som ett allm\u00e4nt campingomr\u00e5de. Fr\u00e5n p\u00e5sk till slutet av maj och fr\u00e5n September till slutet av oktober \u00e4r campingen \u00f6ppen under veckosluten och fungerar som [&hellip;]<\/p>\n","protected":false},"author":1,"featured_media":0,"parent":0,"menu_order":0,"comment_status":"closed","ping_status":"closed","template":"","meta":{"_et_pb_use_builder":"on","_et_pb_old_content":"","_et_gb_content_width":"","ngg_post_thumbnail":0,"footnotes":""},"class_list":["post-1620","page","type-page","status-publish","hentry"],"_links":{"self":[{"href":"https:\/\/sfcmussalo.fi\/sv\/wp-json\/wp\/v2\/pages\/1620","targetHints":{"allow":["GET"]}}],"collection":[{"href":"https:\/\/sfcmussalo.fi\/sv\/wp-json\/wp\/v2\/pages"}],"about":[{"href":"https:\/\/sfcmussalo.fi\/sv\/wp-json\/wp\/v2\/types\/page"}],"author":[{"embeddable":true,"href":"https:\/\/sfcmussalo.fi\/sv\/wp-json\/wp\/v2\/users\/1"}],"replies":[{"embeddable":true,"href":"https:\/\/sfcmussalo.fi\/sv\/wp-json\/wp\/v2\/comments?post=1620"}],"version-history":[{"count":5,"href":"https:\/\/sfcmussalo.fi\/sv\/wp-json\/wp\/v2\/pages\/1620\/revisions"}],"predecessor-version":[{"id":1767,"href":"https:\/\/sfcmussalo.fi\/sv\/wp-json\/wp\/v2\/pages\/1620\/revisions\/1767"}],"wp:attachment":[{"href":"https:\/\/sfcmussalo.fi\/sv\/wp-json\/wp\/v2\/media?parent=1620"}],"curies":[{"name":"wp","href":"https:\/\/api.w.org\/{rel}","templated":true}]}}