{"id":124,"date":"2016-04-23T18:38:52","date_gmt":"2016-04-23T15:38:52","guid":{"rendered":"http:\/\/opetus.aikuiskoulutus.fi\/datanomi15\/heimonen\/?page_id=124"},"modified":"2026-05-17T08:07:52","modified_gmt":"2026-05-17T05:07:52","slug":"tapahtumat","status":"publish","type":"page","link":"https:\/\/sfcmussalo.fi\/en\/tapahtumat\/","title":{"rendered":"Events"},"content":{"rendered":"<p>[et_pb_section fb_built=&#8221;1&#8243; _builder_version=&#8221;4.21.0&#8243; _module_preset=&#8221;default&#8221; min_height=&#8221;1138px&#8221; height=&#8221;250px&#8221; custom_margin=&#8221;||127px|||&#8221; global_colors_info=&#8221;{}&#8221;][et_pb_row _builder_version=&#8221;4.21.0&#8243; _module_preset=&#8221;default&#8221; min_height=&#8221;168.9px&#8221; global_colors_info=&#8221;{}&#8221;][et_pb_column type=&#8221;4_4&#8243; _builder_version=&#8221;4.21.0&#8243; _module_preset=&#8221;default&#8221; global_colors_info=&#8221;{}&#8221;][et_pb_text _builder_version=&#8221;4.21.0&#8243; _module_preset=&#8221;default&#8221; custom_padding=&#8221;||0px|||&#8221; global_colors_info=&#8221;{}&#8221;]<\/p>\n<h1 dir=\"ltr\" style=\"text-align: left;\"><span><span dir=\"auto\" style=\"vertical-align: inherit;\">TAPAHTUMAT<\/span><\/span><\/h1>\n<p><span><\/span><\/p>\n<p dir=\"ltr\" style=\"text-align: left;\"><span><span dir=\"auto\" style=\"vertical-align: inherit;\">Tervetuloa Mussalon tapahtumiin! Meill\u00e4 tapahtuu kes\u00e4n mittaan kuin mukavaa niin aikuisille lapsille. T\u00e4\u00e4lt\u00e4 l\u00f6yd\u00e4t tulevista tapahtumistamme sek\u00e4 niiden ohjelmista.<\/span><\/span><\/p>\n<p dir=\"ltr\" style=\"text-align: left;\"><span dir=\"auto\" style=\"vertical-align: inherit;\">Vuoden 2026 tapahtumap\u00e4iv\u00e4t atrastan heti alkuvuodesta.<\/span><span><\/span><\/p>\n<p dir=\"ltr\" style=\"text-align: left;\"><span><span dir=\"auto\" style=\"vertical-align: inherit;\">Muista my\u00f6s Mussalon <\/span><a href=\"https:\/\/www.facebook.com\/campingmussalo\"><span dir=\"auto\" style=\"vertical-align: inherit;\">Facebook<\/span><\/a><span dir=\"auto\" style=\"vertical-align: inherit;\"> ja <\/span><a href=\"https:\/\/www.instagram.com\/campingmussalo\/\"><span dir=\"auto\" style=\"vertical-align: inherit;\">Ingram<\/span><\/a><span dir=\"auto\" style=\"vertical-align: inherit;\"> -kanaviamme, joille p\u00e4ivit\u00e4mme tapahtumatietoja s\u00e4\u00e4nn\u00f6llisesti. Linkit l\u00f6yd\u00e4t sivun alalaidasta.<\/span><\/span><\/p>\n<div class=\"et-fb-mousetrap et-fb-mousetrap--module et-fb-mousetrap-move\" style=\"font-size: 17px; background-position: 0px center; transition-property: all; pointer-events: none;\"><\/div>\n<div class=\"et-pb-draggable-spacing et-pb-draggable-spacing__sizing et-pb-draggable-spacing__height et-pb-draggable-spacing__top et-pb-draggable-spacing--animated\" style=\"border-style: initial; font-size: 17px; background-origin: padding-box; background-clip: padding-box; z-index: 12; width: 1522.39px;\"><\/div>\n<div class=\"et-pb-draggable-spacing__top et-pb-draggable-spacing__tooltip\" style=\"font-size: 17px; background-color: #ffffff; left: 761.188px;\"><\/div>\n<div class=\"et-pb-draggable-spacing et-pb-draggable-spacing__sizing et-pb-draggable-spacing__height et-pb-draggable-spacing__bottom et-pb-draggable-spacing--animated\" style=\"border-style: initial; font-size: 17px; background-origin: padding-box; background-clip: padding-box; z-index: 12; width: 1522.39px;\"><\/div>\n<div class=\"et-pb-draggable-spacing__bottom et-pb-draggable-spacing__tooltip\" style=\"font-size: 17px; background-color: #ffffff; left: 761.188px;\"><\/div>\n<div class=\"et-pb-draggable-spacing et-pb-draggable-spacing__sizing et-pb-draggable-spacing__width et-pb-draggable-spacing__left et-pb-draggable-spacing--animated\" style=\"border-style: initial; font-size: 17px; background-origin: padding-box; background-clip: padding-box; z-index: 12; height: 61.1875px;\"><\/div>\n<div class=\"et-pb-draggable-spacing__left et-pb-draggable-spacing__tooltip\" style=\"font-size: 17px; background-color: #ffffff;\"><\/div>\n<div class=\"et-pb-draggable-spacing et-pb-draggable-spacing__sizing et-pb-draggable-spacing__width et-pb-draggable-spacing__right et-pb-draggable-spacing--animated\" style=\"border-style: initial; font-size: 17px; background-origin: padding-box; background-clip: padding-box; z-index: 12; height: 61.1875px;\"><\/div>\n<div class=\"et-pb-draggable-spacing__right et-pb-draggable-spacing__tooltip\" style=\"font-size: 17px; background-color: #ffffff;\"><\/div>\n<div class=\"et-pb-draggable-spacing et-pb-draggable-spacing__spacing et-pb-draggable-spacing__bottom et-pb-draggable-spacing__padding et-pb-draggable-spacing--animated et-pb-draggable-spacing--no-size\" style=\"font-size: 17px; background-color: #ffffff; z-index: 12; width: 1522.39px; height: 0px;\"><\/div>\n<p>[\/et_pb_text][\/et_pb_column][\/et_pb_row][et_pb_row column_structure=&#8221;1_3,1_3,1_3&#8243; _builder_version=&#8221;4.21.0&#8243; _module_preset=&#8221;default&#8221; global_colors_info=&#8221;{}&#8221;][et_pb_column type=&#8221;1_3&#8243; _builder_version=&#8221;4.21.0&#8243; _module_preset=&#8221;default&#8221; global_colors_info=&#8221;{}&#8221;][et_pb_gallery gallery_ids=&#8221;2096&#8243; fullwidth=&#8221;on&#8221; _builder_version=&#8221;4.21.0&#8243; _module_preset=&#8221;default&#8221; global_colors_info=&#8221;{}&#8221;][\/et_pb_gallery][\/et_pb_column][et_pb_column type=&#8221;1_3&#8243; _builder_version=&#8221;4.21.0&#8243; _module_preset=&#8221;default&#8221; global_colors_info=&#8221;{}&#8221;][et_pb_image title_text=&#8221;JUHANNUSMAINOS&#8221; _builder_version=&#8221;4.21.0&#8243; _module_preset=&#8221;default&#8221; hover_enabled=&#8221;0&#8243; global_colors_info=&#8221;{}&#8221; src=&#8221;https:\/\/sfcmussalo.fi\/wp-content\/uploads\/2026\/05\/JUHANNUSMAINOS.jpg&#8221; sticky_enabled=&#8221;0&#8243;][\/et_pb_image][\/et_pb_column][et_pb_column type=&#8221;1_3&#8243; _builder_version=&#8221;4.21.0&#8243; _module_preset=&#8221;default&#8221; global_colors_info=&#8221;{}&#8221;][\/et_pb_column][\/et_pb_row][\/et_pb_section][et_pb_section fb_built=&#8221;1&#8243; disabled_on=&#8221;on|on|on&#8221; _builder_version=&#8221;4.21.0&#8243; _module_preset=&#8221;default&#8221; min_height=&#8221;971.9px&#8221; disabled=&#8221;on&#8221; global_colors_info=&#8221;{}&#8221;][\/et_pb_section]<\/p>\n","protected":false},"excerpt":{"rendered":"<p>TAPAHTUMAT Tervetuloa Mussalon tapahtumiin! Meill\u00e4 tapahtuu kes\u00e4n mittaan kuin mukavaa niin aikuisille lapsille. T\u00e4\u00e4lt\u00e4 l\u00f6yd\u00e4t tulevista tapahtumistamme sek\u00e4 niiden ohjelmista. Vuoden 2026 tapahtumap\u00e4iv\u00e4t atrastan heti alkuvuodesta. Muista my\u00f6s Mussalon Facebook ja Ingram -kanaviamme, joille p\u00e4ivit\u00e4mme tapahtumatietoja s\u00e4\u00e4nn\u00f6llisesti. Linkit l\u00f6yd\u00e4t sivun alalaidasta.<\/p>\n","protected":false},"author":1,"featured_media":2061,"parent":0,"menu_order":0,"comment_status":"closed","ping_status":"closed","template":"","meta":{"_et_pb_use_builder":"on","_et_pb_old_content":"<h1><\/h1>\n[doc id=1422]\n<h4 style=\"text-align: left;\"><\/h4>\n<h3><\/h3>","_et_gb_content_width":"","ngg_post_thumbnail":0,"footnotes":""},"class_list":["post-124","page","type-page","status-publish","has-post-thumbnail","hentry"],"_links":{"self":[{"href":"https:\/\/sfcmussalo.fi\/en\/wp-json\/wp\/v2\/pages\/124","targetHints":{"allow":["GET"]}}],"collection":[{"href":"https:\/\/sfcmussalo.fi\/en\/wp-json\/wp\/v2\/pages"}],"about":[{"href":"https:\/\/sfcmussalo.fi\/en\/wp-json\/wp\/v2\/types\/page"}],"author":[{"embeddable":true,"href":"https:\/\/sfcmussalo.fi\/en\/wp-json\/wp\/v2\/users\/1"}],"replies":[{"embeddable":true,"href":"https:\/\/sfcmussalo.fi\/en\/wp-json\/wp\/v2\/comments?post=124"}],"version-history":[{"count":188,"href":"https:\/\/sfcmussalo.fi\/en\/wp-json\/wp\/v2\/pages\/124\/revisions"}],"predecessor-version":[{"id":2182,"href":"https:\/\/sfcmussalo.fi\/en\/wp-json\/wp\/v2\/pages\/124\/revisions\/2182"}],"wp:featuredmedia":[{"embeddable":true,"href":"https:\/\/sfcmussalo.fi\/en\/wp-json\/wp\/v2\/media\/2061"}],"wp:attachment":[{"href":"https:\/\/sfcmussalo.fi\/en\/wp-json\/wp\/v2\/media?parent=124"}],"curies":[{"name":"wp","href":"https:\/\/api.w.org\/{rel}","templated":true}]}}